{"id":330,"date":"2022-01-06T16:30:41","date_gmt":"2022-01-06T16:30:41","guid":{"rendered":"http:\/\/www.somaattinenkirjoittaminen.fi\/?page_id=330"},"modified":"2022-07-01T13:42:01","modified_gmt":"2022-07-01T13:42:01","slug":"hei-taalla-johanna-hauska-tavata","status":"publish","type":"page","link":"https:\/\/www.somaattinenkirjoittaminen.fi\/index.php\/hei-taalla-johanna-hauska-tavata\/","title":{"rendered":"Hei, t\u00e4\u00e4ll\u00e4 Johanna, hauska tavata!"},"content":{"rendered":"\n<p>Sanat ovat minulle t\u00e4rkeit\u00e4. Olen etsinyt oikeita sanoja ja tutkinut niit\u00e4. T\u00e4m\u00e4 pandemia (ja oma el\u00e4m\u00e4ni kahden, valtameren erottaman kodin v\u00e4lill\u00e4) sai minut syventym\u00e4\u00e4n enemm\u00e4n somaattiseen kirjoittamiseen, ja olen luonut t\u00e4m\u00e4n kurssin, koska haluan jakaa l\u00f6yt\u00e4m\u00e4\u00e4ni kanssasi.<\/p>\n\n\n\n<p>T\u00e4m\u00e4 kurssi on sinulle, omalle matkallesi. Somaattisuus viittaa kehollisuuteen. Keho muistaa kaiken, ja mielemme ja kehomme sek\u00e4 kielemme ovat lopulta yht\u00e4. Minulle somaattinen kirjoittaminen tarkoittaa kirjoittamista kehon tiedosta k\u00e4sin. Sit\u00e4 voi tukea erilaisin harjoituksin ja niist\u00e4 vapaasti kirjoittamalla. Kehon tietoon k\u00e4siksi p\u00e4\u00e4seminen on joillekin luontevampaa, toisilta se vaatii enemm\u00e4n harjoittelua ja havahtumistakin. Kirjoittaja voi suunnitella ja hankkia monenlaista tietoa ulkopuolisesta maailmastaan, mutta kirjoittamisen ihme tapahtuu vasta, kun tuo materiaali alkaa resonoida kehon tiedon syviss\u00e4 kerroksissa. Koe se itse paperilla ja koetaan se my\u00f6s yhdess\u00e4 kurssilla!<\/p>\n\n\n\n<p>Olen ty\u00f6st\u00e4nyt kurssin materiaalia pandemian aikana. Koin ett\u00e4 olin suljettuna monin eri tavoin: ihan konkreettisesti kotiini, ja lis\u00e4ksi tunsin, ett\u00e4 niin ty\u00f6ss\u00e4ni kuin omassa kirjoittamisessa oli tullut sellainen sein\u00e4 vastaan, ett\u00e4 tarvitsin jotain ennalta m\u00e4\u00e4rittelem\u00e4t\u00f6nt\u00e4 sen l\u00e4pi p\u00e4\u00e4semiseen. Suurin ja l\u00e4pitunkemattomin sein\u00e4 l\u00f6ytyi itsest\u00e4ni, mutta vanhat ty\u00f6kaluni eiv\u00e4t siihen en\u00e4\u00e4 p\u00e4teneet. Opin paljon uutta, kiitos somaattisten ty\u00f6tapojen, joita opiskelin useankin opettajan johdolla. Opin my\u00f6s, ett\u00e4 t\u00e4llainen prosessi kuuluu jaettavaksi ja yhdess\u00e4 kehitelt\u00e4v\u00e4ksi. Kurssi on siis my\u00f6s kutsu sinulle, joka etsit tiet\u00e4 vastaavanlaiselle matkalle.<\/p>\n\n\n\n<p>Kurssini on k\u00e4yt\u00e4nn\u00f6nl\u00e4heinen, eli teemme harjoituksia ja kirjoitamme tapaamisissa. Koska olen taustaltani my\u00f6s tutkija, minulle on t\u00e4rke\u00e4\u00e4 tiet\u00e4\u00e4 asioiden perusteet. Jaan kurssialustalla mieluusti aiheesta kokoamaani lis\u00e4tietoa, mutta en &#8211; somaattisen ty\u00f6skentelyn periaatteiden mukaisesti &#8211; k\u00e4yt\u00e4 arvokasta aikaa muuhun kuin kirjoittamisen tukemiseen.<\/p>\n\n\n\n<p>Olen aikaisemmin t\u00e4ydennyskouluttanut suomalaisia opettajia kirjoittamisen ty\u00f6pajamenetelm\u00e4n ja mentoritekstien k\u00e4ytt\u00f6\u00f6n kirjoittamisen opetuksessa sek\u00e4 opettanut esseekirjoittamista ja tutkivaa kirjoittamista taidekorkeakouluissa. Lis\u00e4ksi olen julkaissut kaikenlaista, viimeiseksi tietokirjan <em>Riitt\u00e4v\u00e4n hyv\u00e4\u00e4 kirjoittamista: Opas kouluun ja koulunj\u00e4lkeiseen el\u00e4m\u00e4\u00e4n <\/em>(yhdess\u00e4 Kimmo Svinhufvudin kanssa, Art House, 2021). Tuohon kirjaan kirjoittamani luku kehollisuudesta oikeastaan aloitti t\u00e4m\u00e4n uuden, somaattisen kirjoittamiseen liittyv\u00e4n vaiheen ty\u00f6ss\u00e4ni, jonka seurausta ovat vuoden 2022 somaattisen kirjoittamisen kurssini. <\/p>\n\n\n\n<p>Tutkijana my\u00f6s kirjoitan aiheesta. Ensimm\u00e4iset artikkelini l\u00f6ytyv\u00e4t n\u00e4ist\u00e4 linkeist\u00e4: https:\/\/nivel.teak.fi\/carpa7\/walking-with-a-shell-writing-as-a-somatic-practice\/ ja https:\/\/jyx.jyu.fi\/handle\/123456789\/81587.  J\u00e4lkimm\u00e4inen artikkeli esittelee somaattisen kirjoittamisen kurssieni perustaa. Aivan pian kirjoitan aiheesta my\u00f6s suomeksi! <\/p>\n\n\n\n<p>Jos haluat lis\u00e4\u00e4 tietoa aikaisemmista t\u00f6ist\u00e4ni tai kurssista, voit esimerkiksi vierailla <a href=\"https:\/\/www.linkedin.com\/in\/johanna-pentik%C3%A4inen-ph-d-70016141\/\">LinkedIn-profiilissani<\/a> ja <a href=\"https:\/\/helsinki.academia.edu\/JohannaPentik%C3%A4inen\" data-type=\"URL\" data-id=\"https:\/\/helsinki.academia.edu\/JohannaPentik%C3%A4inen\">Academia.edu-sivuillani<\/a> tai laittaa s\u00e4hk\u00f6postia: jpentika@gmail.com.<\/p>\n\n\n\n<p>Yst\u00e4v\u00e4llisesti,<\/p>\n\n\n\n<p>Johanna Pentik\u00e4inen<\/p>\n\n\n\n<figure class=\"wp-block-image size-full\"><img decoding=\"async\" loading=\"lazy\" width=\"1024\" height=\"768\" src=\"http:\/\/www.somaattinenkirjoittaminen.fi\/wp-content\/uploads\/2022\/01\/PHOTO-2022-01-06-10-44-42.jpg\" alt=\"\" class=\"wp-image-331\"\/><\/figure>\n","protected":false},"excerpt":{"rendered":"<p>Sanat ovat minulle t\u00e4rkeit\u00e4. Olen etsinyt oikeita sanoja ja tutkinut niit\u00e4. T\u00e4m\u00e4 pandemia (ja oma el\u00e4m\u00e4ni kahden, valtameren erottaman kodin v\u00e4lill\u00e4) sai minut syventym\u00e4\u00e4n enemm\u00e4n somaattiseen kirjoittamiseen, ja olen luonut t\u00e4m\u00e4n kurssin, koska haluan jakaa l\u00f6yt\u00e4m\u00e4\u00e4ni kanssasi. T\u00e4m\u00e4 kurssi on sinulle, omalle matkallesi. Somaattisuus viittaa kehollisuuteen. Keho muistaa kaiken, ja mielemme ja kehomme sek\u00e4 kielemme&#8230;<\/p>\n","protected":false},"author":1,"featured_media":0,"parent":0,"menu_order":0,"comment_status":"closed","ping_status":"closed","template":"","meta":{"_kad_post_transparent":"","_kad_post_title":"","_kad_post_layout":"","_kad_post_sidebar_id":"","_kad_post_content_style":"","_kad_post_vertical_padding":"","_kad_post_feature":"","_kad_post_feature_position":"","_kad_post_header":false,"_kad_post_footer":false},"_links":{"self":[{"href":"https:\/\/www.somaattinenkirjoittaminen.fi\/index.php\/wp-json\/wp\/v2\/pages\/330"}],"collection":[{"href":"https:\/\/www.somaattinenkirjoittaminen.fi\/index.php\/wp-json\/wp\/v2\/pages"}],"about":[{"href":"https:\/\/www.somaattinenkirjoittaminen.fi\/index.php\/wp-json\/wp\/v2\/types\/page"}],"author":[{"embeddable":true,"href":"https:\/\/www.somaattinenkirjoittaminen.fi\/index.php\/wp-json\/wp\/v2\/users\/1"}],"replies":[{"embeddable":true,"href":"https:\/\/www.somaattinenkirjoittaminen.fi\/index.php\/wp-json\/wp\/v2\/comments?post=330"}],"version-history":[{"count":6,"href":"https:\/\/www.somaattinenkirjoittaminen.fi\/index.php\/wp-json\/wp\/v2\/pages\/330\/revisions"}],"predecessor-version":[{"id":712,"href":"https:\/\/www.somaattinenkirjoittaminen.fi\/index.php\/wp-json\/wp\/v2\/pages\/330\/revisions\/712"}],"wp:attachment":[{"href":"https:\/\/www.somaattinenkirjoittaminen.fi\/index.php\/wp-json\/wp\/v2\/media?parent=330"}],"curies":[{"name":"wp","href":"https:\/\/api.w.org\/{rel}","templated":true}]}}