{"id":221,"date":"2022-01-05T17:11:47","date_gmt":"2022-01-05T17:11:47","guid":{"rendered":"http:\/\/www.somaattinenkirjoittaminen.fi\/?page_id=221"},"modified":"2023-02-03T13:11:06","modified_gmt":"2023-02-03T13:11:06","slug":"221-2","status":"publish","type":"page","link":"https:\/\/www.somaattinenkirjoittaminen.fi\/","title":{"rendered":""},"content":{"rendered":"\n<div class=\"wp-block-cover has-background-dim-20 has-background-dim has-custom-content-position is-position-center-left\" style=\"min-height:821px\"><img decoding=\"async\" loading=\"lazy\" width=\"1024\" height=\"768\" class=\"wp-block-cover__image-background wp-image-215\" alt=\"\" src=\"http:\/\/www.somaattinenkirjoittaminen.fi\/wp-content\/uploads\/2022\/01\/9684B58A-03EA-436C-B723-841589907074_1_105_c-1.jpeg\" style=\"object-position:48% 39%\" data-object-fit=\"cover\" data-object-position=\"48% 39%\" srcset=\"https:\/\/www.somaattinenkirjoittaminen.fi\/wp-content\/uploads\/2022\/01\/9684B58A-03EA-436C-B723-841589907074_1_105_c-1.jpeg 1024w, https:\/\/www.somaattinenkirjoittaminen.fi\/wp-content\/uploads\/2022\/01\/9684B58A-03EA-436C-B723-841589907074_1_105_c-1-300x225.jpeg 300w, https:\/\/www.somaattinenkirjoittaminen.fi\/wp-content\/uploads\/2022\/01\/9684B58A-03EA-436C-B723-841589907074_1_105_c-1-768x576.jpeg 768w, https:\/\/www.somaattinenkirjoittaminen.fi\/wp-content\/uploads\/2022\/01\/9684B58A-03EA-436C-B723-841589907074_1_105_c-1-600x450.jpeg 600w\" sizes=\"(max-width: 1024px) 100vw, 1024px\" \/><div class=\"wp-block-cover__inner-container\">\n<div class=\"is-layout-flex wp-container-4 wp-block-columns\">\n<div class=\"is-layout-flow wp-block-column\" style=\"flex-basis:100%\">\n<div class=\"is-layout-flex wp-container-2 wp-block-columns\">\n<div class=\"is-layout-flow wp-block-column\" style=\"flex-basis:100%\">\n<p class=\"has-large-font-size\"><img decoding=\"async\" loading=\"lazy\" width=\"5000\" height=\"1472\" class=\"wp-image-153\" style=\"width: 550px;\" src=\"http:\/\/www.somaattinenkirjoittaminen.fi\/wp-content\/uploads\/2022\/01\/Monochrome-on-Transparent.png\" alt=\"\" srcset=\"https:\/\/www.somaattinenkirjoittaminen.fi\/wp-content\/uploads\/2022\/01\/Monochrome-on-Transparent.png 5000w, https:\/\/www.somaattinenkirjoittaminen.fi\/wp-content\/uploads\/2022\/01\/Monochrome-on-Transparent-300x88.png 300w, https:\/\/www.somaattinenkirjoittaminen.fi\/wp-content\/uploads\/2022\/01\/Monochrome-on-Transparent-1024x301.png 1024w, https:\/\/www.somaattinenkirjoittaminen.fi\/wp-content\/uploads\/2022\/01\/Monochrome-on-Transparent-768x226.png 768w, https:\/\/www.somaattinenkirjoittaminen.fi\/wp-content\/uploads\/2022\/01\/Monochrome-on-Transparent-1536x452.png 1536w, https:\/\/www.somaattinenkirjoittaminen.fi\/wp-content\/uploads\/2022\/01\/Monochrome-on-Transparent-2048x603.png 2048w, https:\/\/www.somaattinenkirjoittaminen.fi\/wp-content\/uploads\/2022\/01\/Monochrome-on-Transparent-600x177.png 600w\" sizes=\"(max-width: 5000px) 100vw, 5000px\" \/><\/p>\n<\/div>\n<\/div>\n<\/div>\n<\/div>\n\n\n\n<div class=\"is-layout-flex wp-container-7 wp-block-columns\">\n<div class=\"is-layout-flow wp-block-column\" style=\"flex-basis:33.33%\"><\/div>\n\n\n\n<div class=\"is-layout-flow wp-block-column\" style=\"flex-basis:66.66%\">\n<p class=\"has-theme-palette-3-color has-text-color has-medium-font-size\">Anna sanojen avata sis\u00e4inen maailmasi. <\/p>\n\n\n\n<p class=\"has-medium-font-size\"><a href=\"http:\/\/www.somaattinenkirjoittaminen.fi\/index.php\/sinulle-kirjoittaja\/\" data-type=\"URL\" data-id=\"http:\/\/www.somaattinenkirjoittaminen.fi\/index.php\/sinulle-kirjoittaja\/\">Haluatko tiet\u00e4\u00e4 lis\u00e4\u00e4?<\/a><\/p>\n<\/div>\n<\/div>\n\n\n\n<div class=\"is-layout-flex wp-container-9 wp-block-columns\">\n<div class=\"is-layout-flow wp-block-column\">\n<p>                                                       <\/p>\n\n\n\n<p>                                                       <\/p>\n<\/div>\n<\/div>\n\n\n\n<div class=\"is-layout-flex wp-container-11 wp-block-columns\">\n<div class=\"is-layout-flow wp-block-column\"><\/div>\n<\/div>\n\n\n\n<div class=\"is-layout-flex wp-container-14 wp-block-columns\">\n<div class=\"is-layout-flow wp-block-column\"><\/div>\n\n\n\n<div class=\"is-layout-flow wp-block-column\"><\/div>\n<\/div>\n<\/div><\/div>\n","protected":false},"excerpt":{"rendered":"","protected":false},"author":1,"featured_media":0,"parent":0,"menu_order":0,"comment_status":"closed","ping_status":"closed","template":"","meta":{"_kad_post_transparent":"","_kad_post_title":"","_kad_post_layout":"fullwidth","_kad_post_sidebar_id":"","_kad_post_content_style":"","_kad_post_vertical_padding":"","_kad_post_feature":"","_kad_post_feature_position":"","_kad_post_header":true,"_kad_post_footer":true},"_links":{"self":[{"href":"https:\/\/www.somaattinenkirjoittaminen.fi\/index.php\/wp-json\/wp\/v2\/pages\/221"}],"collection":[{"href":"https:\/\/www.somaattinenkirjoittaminen.fi\/index.php\/wp-json\/wp\/v2\/pages"}],"about":[{"href":"https:\/\/www.somaattinenkirjoittaminen.fi\/index.php\/wp-json\/wp\/v2\/types\/page"}],"author":[{"embeddable":true,"href":"https:\/\/www.somaattinenkirjoittaminen.fi\/index.php\/wp-json\/wp\/v2\/users\/1"}],"replies":[{"embeddable":true,"href":"https:\/\/www.somaattinenkirjoittaminen.fi\/index.php\/wp-json\/wp\/v2\/comments?post=221"}],"version-history":[{"count":20,"href":"https:\/\/www.somaattinenkirjoittaminen.fi\/index.php\/wp-json\/wp\/v2\/pages\/221\/revisions"}],"predecessor-version":[{"id":835,"href":"https:\/\/www.somaattinenkirjoittaminen.fi\/index.php\/wp-json\/wp\/v2\/pages\/221\/revisions\/835"}],"wp:attachment":[{"href":"https:\/\/www.somaattinenkirjoittaminen.fi\/index.php\/wp-json\/wp\/v2\/media?parent=221"}],"curies":[{"name":"wp","href":"https:\/\/api.w.org\/{rel}","templated":true}]}}